{"id":97,"date":"2025-06-12T06:54:56","date_gmt":"2025-06-12T06:54:56","guid":{"rendered":"https:\/\/xn--mjlnerwood-1cb.dk\/?page_id=97"},"modified":"2025-06-12T06:54:56","modified_gmt":"2025-06-12T06:54:56","slug":"agility-udstyr","status":"publish","type":"page","link":"https:\/\/xn--mjlnerwood-1cb.dk\/index.php\/agility-udstyr\/","title":{"rendered":"Agility udstyr"},"content":{"rendered":"\n<div class=\"wp-block-media-text is-stacked-on-mobile\"><figure class=\"wp-block-media-text__media\"><img loading=\"lazy\" decoding=\"async\" width=\"1024\" height=\"408\" src=\"https:\/\/xn--mjlnerwood-1cb.dk\/wp-content\/uploads\/2025\/06\/vippe3-1024x408.jpg\" alt=\"\" class=\"wp-image-98 size-full\" srcset=\"https:\/\/xn--mjlnerwood-1cb.dk\/wp-content\/uploads\/2025\/06\/vippe3-1024x408.jpg 1024w, https:\/\/xn--mjlnerwood-1cb.dk\/wp-content\/uploads\/2025\/06\/vippe3-300x119.jpg 300w, https:\/\/xn--mjlnerwood-1cb.dk\/wp-content\/uploads\/2025\/06\/vippe3-768x306.jpg 768w, https:\/\/xn--mjlnerwood-1cb.dk\/wp-content\/uploads\/2025\/06\/vippe3-1536x612.jpg 1536w, https:\/\/xn--mjlnerwood-1cb.dk\/wp-content\/uploads\/2025\/06\/vippe3.jpg 1605w\" sizes=\"auto, (max-width: 1024px) 100vw, 1024px\" \/><\/figure><div class=\"wp-block-media-text__content\">\n<p>Agility vippe til heste<\/p>\n\n\n\n<p>Pris 3.250 kr.<\/p>\n<\/div><\/div>\n\n\n\n<div class=\"wp-block-media-text is-stacked-on-mobile\"><figure class=\"wp-block-media-text__media\"><img loading=\"lazy\" decoding=\"async\" width=\"619\" height=\"260\" src=\"https:\/\/xn--mjlnerwood-1cb.dk\/wp-content\/uploads\/2025\/06\/bro1.jpg\" alt=\"\" class=\"wp-image-99 size-full\" srcset=\"https:\/\/xn--mjlnerwood-1cb.dk\/wp-content\/uploads\/2025\/06\/bro1.jpg 619w, https:\/\/xn--mjlnerwood-1cb.dk\/wp-content\/uploads\/2025\/06\/bro1-300x126.jpg 300w\" sizes=\"auto, (max-width: 619px) 100vw, 619px\" \/><\/figure><div class=\"wp-block-media-text__content\">\n<p>3 delt buet bro <\/p>\n\n\n\n<p>2.700 kr.<\/p>\n<\/div><\/div>\n\n\n\n<div class=\"wp-block-media-text is-stacked-on-mobile\"><figure class=\"wp-block-media-text__media\"><img loading=\"lazy\" decoding=\"async\" width=\"960\" height=\"540\" src=\"https:\/\/xn--mjlnerwood-1cb.dk\/wp-content\/uploads\/2025\/06\/trec-bro.jpg\" alt=\"\" class=\"wp-image-100 size-full\" srcset=\"https:\/\/xn--mjlnerwood-1cb.dk\/wp-content\/uploads\/2025\/06\/trec-bro.jpg 960w, https:\/\/xn--mjlnerwood-1cb.dk\/wp-content\/uploads\/2025\/06\/trec-bro-300x169.jpg 300w, https:\/\/xn--mjlnerwood-1cb.dk\/wp-content\/uploads\/2025\/06\/trec-bro-768x432.jpg 768w\" sizes=\"auto, (max-width: 960px) 100vw, 960px\" \/><\/figure><div class=\"wp-block-media-text__content\">\n<p>Stor buet bro &#8211; trec <\/p>\n\n\n\n<p>4.200 kr.<\/p>\n<\/div><\/div>\n\n\n\n<div class=\"wp-block-media-text is-stacked-on-mobile\"><figure class=\"wp-block-media-text__media\"><img loading=\"lazy\" decoding=\"async\" width=\"206\" height=\"206\" src=\"https:\/\/xn--mjlnerwood-1cb.dk\/wp-content\/uploads\/2025\/06\/toende.jpg\" alt=\"\" class=\"wp-image-101 size-full\" srcset=\"https:\/\/xn--mjlnerwood-1cb.dk\/wp-content\/uploads\/2025\/06\/toende.jpg 206w, https:\/\/xn--mjlnerwood-1cb.dk\/wp-content\/uploads\/2025\/06\/toende-150x150.jpg 150w\" sizes=\"auto, (max-width: 206px) 100vw, 206px\" \/><\/figure><div class=\"wp-block-media-text__content\">\n<p>Trec t\u00f8nde <\/p>\n\n\n\n<p>Pris r\u00e5 tr\u00e6. 2.600 kr.<\/p>\n\n\n\n<p>Pris malet 3.100 kr.<\/p>\n<\/div><\/div>\n\n\n\n<div class=\"wp-block-media-text is-stacked-on-mobile\"><figure class=\"wp-block-media-text__media\"><img loading=\"lazy\" decoding=\"async\" width=\"1024\" height=\"768\" src=\"https:\/\/xn--mjlnerwood-1cb.dk\/wp-content\/uploads\/2025\/06\/IMG_0852-1024x768.jpg\" alt=\"\" class=\"wp-image-102 size-full\" srcset=\"https:\/\/xn--mjlnerwood-1cb.dk\/wp-content\/uploads\/2025\/06\/IMG_0852-1024x768.jpg 1024w, https:\/\/xn--mjlnerwood-1cb.dk\/wp-content\/uploads\/2025\/06\/IMG_0852-300x225.jpg 300w, https:\/\/xn--mjlnerwood-1cb.dk\/wp-content\/uploads\/2025\/06\/IMG_0852-768x576.jpg 768w, https:\/\/xn--mjlnerwood-1cb.dk\/wp-content\/uploads\/2025\/06\/IMG_0852-1536x1152.jpg 1536w, https:\/\/xn--mjlnerwood-1cb.dk\/wp-content\/uploads\/2025\/06\/IMG_0852-2048x1536.jpg 2048w\" sizes=\"auto, (max-width: 1024px) 100vw, 1024px\" \/><\/figure><div class=\"wp-block-media-text__content\">\n<p>Podier <\/p>\n\n\n\n<p>40 cm : 550 kr.<\/p>\n\n\n\n<p>60 cm : 650 kr.<\/p>\n\n\n\n<p>80 cm : 750 kr.<\/p>\n\n\n\n<p>S\u00e6t med alle 3 str. : 1.800 kr.<\/p>\n<\/div><\/div>\n\n\n\n<div class=\"wp-block-media-text is-stacked-on-mobile\"><figure class=\"wp-block-media-text__media\"><img loading=\"lazy\" decoding=\"async\" width=\"1024\" height=\"768\" src=\"https:\/\/xn--mjlnerwood-1cb.dk\/wp-content\/uploads\/2025\/06\/multi-vippe-1024x768.jpg\" alt=\"\" class=\"wp-image-103 size-full\" srcset=\"https:\/\/xn--mjlnerwood-1cb.dk\/wp-content\/uploads\/2025\/06\/multi-vippe-1024x768.jpg 1024w, https:\/\/xn--mjlnerwood-1cb.dk\/wp-content\/uploads\/2025\/06\/multi-vippe-300x225.jpg 300w, https:\/\/xn--mjlnerwood-1cb.dk\/wp-content\/uploads\/2025\/06\/multi-vippe-768x576.jpg 768w, https:\/\/xn--mjlnerwood-1cb.dk\/wp-content\/uploads\/2025\/06\/multi-vippe-1536x1152.jpg 1536w, https:\/\/xn--mjlnerwood-1cb.dk\/wp-content\/uploads\/2025\/06\/multi-vippe.jpg 1920w\" sizes=\"auto, (max-width: 1024px) 100vw, 1024px\" \/><\/figure><div class=\"wp-block-media-text__content\">\n<p>Multi vippe.<\/p>\n\n\n\n<p>Kan bruges b\u00e5de som vippe og bro.<\/p>\n\n\n\n<p>3.750 kr.<\/p>\n<\/div><\/div>\n\n\n\n<p><\/p>\n","protected":false},"excerpt":{"rendered":"<p>Agility vippe til heste Pris 3.250 kr. 3 delt buet bro 2.700 kr. Stor buet bro &#8211; trec 4.200 kr. Trec t\u00f8nde Pris r\u00e5 tr\u00e6. 2.600 kr. Pris malet 3.100 kr. Podier 40 cm : 550 kr. 60 cm : 650 kr. 80 cm : 750 kr. S\u00e6t med alle 3 str. : 1.800 kr. [&hellip;]<\/p>\n","protected":false},"author":1,"featured_media":0,"parent":0,"menu_order":0,"comment_status":"closed","ping_status":"closed","template":"","meta":{"footnotes":""},"class_list":["post-97","page","type-page","status-publish","hentry"],"_links":{"self":[{"href":"https:\/\/xn--mjlnerwood-1cb.dk\/index.php\/wp-json\/wp\/v2\/pages\/97","targetHints":{"allow":["GET"]}}],"collection":[{"href":"https:\/\/xn--mjlnerwood-1cb.dk\/index.php\/wp-json\/wp\/v2\/pages"}],"about":[{"href":"https:\/\/xn--mjlnerwood-1cb.dk\/index.php\/wp-json\/wp\/v2\/types\/page"}],"author":[{"embeddable":true,"href":"https:\/\/xn--mjlnerwood-1cb.dk\/index.php\/wp-json\/wp\/v2\/users\/1"}],"replies":[{"embeddable":true,"href":"https:\/\/xn--mjlnerwood-1cb.dk\/index.php\/wp-json\/wp\/v2\/comments?post=97"}],"version-history":[{"count":1,"href":"https:\/\/xn--mjlnerwood-1cb.dk\/index.php\/wp-json\/wp\/v2\/pages\/97\/revisions"}],"predecessor-version":[{"id":104,"href":"https:\/\/xn--mjlnerwood-1cb.dk\/index.php\/wp-json\/wp\/v2\/pages\/97\/revisions\/104"}],"wp:attachment":[{"href":"https:\/\/xn--mjlnerwood-1cb.dk\/index.php\/wp-json\/wp\/v2\/media?parent=97"}],"curies":[{"name":"wp","href":"https:\/\/api.w.org\/{rel}","templated":true}]}}