{"id":81,"date":"2025-02-04T17:57:33","date_gmt":"2025-02-04T17:57:33","guid":{"rendered":"https:\/\/xn--mjlnerwood-1cb.dk\/?page_id=81"},"modified":"2025-06-12T06:08:33","modified_gmt":"2025-06-12T06:08:33","slug":"cavalettis","status":"publish","type":"page","link":"https:\/\/xn--mjlnerwood-1cb.dk\/index.php\/cavalettis\/","title":{"rendered":"Cavalettis"},"content":{"rendered":"\n<div class=\"wp-block-columns is-layout-flex wp-container-core-columns-is-layout-28f84493 wp-block-columns-is-layout-flex\">\n<div class=\"wp-block-column is-layout-flow wp-block-column-is-layout-flow\">\n<figure class=\"wp-block-image size-large\"><img loading=\"lazy\" decoding=\"async\" width=\"473\" height=\"414\" src=\"https:\/\/xn--mjlnerwood-1cb.dk\/wp-content\/uploads\/2025\/02\/cavalettis-1-3.jpg\" alt=\"\" class=\"wp-image-82\" srcset=\"https:\/\/xn--mjlnerwood-1cb.dk\/wp-content\/uploads\/2025\/02\/cavalettis-1-3.jpg 473w, https:\/\/xn--mjlnerwood-1cb.dk\/wp-content\/uploads\/2025\/02\/cavalettis-1-3-300x263.jpg 300w\" sizes=\"auto, (max-width: 473px) 100vw, 473px\" \/><\/figure>\n\n\n\n<figure class=\"wp-block-image size-full\"><img loading=\"lazy\" decoding=\"async\" width=\"960\" height=\"529\" src=\"https:\/\/xn--mjlnerwood-1cb.dk\/wp-content\/uploads\/2025\/02\/cavalettis-striber.jpg\" alt=\"\" class=\"wp-image-83\" srcset=\"https:\/\/xn--mjlnerwood-1cb.dk\/wp-content\/uploads\/2025\/02\/cavalettis-striber.jpg 960w, https:\/\/xn--mjlnerwood-1cb.dk\/wp-content\/uploads\/2025\/02\/cavalettis-striber-300x165.jpg 300w, https:\/\/xn--mjlnerwood-1cb.dk\/wp-content\/uploads\/2025\/02\/cavalettis-striber-768x423.jpg 768w\" sizes=\"auto, (max-width: 960px) 100vw, 960px\" \/><\/figure>\n<\/div>\n\n\n\n<div class=\"wp-block-column is-layout-flow wp-block-column-is-layout-flow\">\n<p class=\"has-x-large-font-size\">Cavalettis<\/p>\n\n\n\n<p>Best\u00e5ende af 2 kryds sat 1 bom<br>Bom \u00d810 3 meter lang<br>Kan stables <\/p>\n\n\n\n<p class=\"has-large-font-size\">Pris U-malet 555 kr.<br>3 stk. 1500 kr.<br><br>Pris malet i valgfri farver<br>750.<br>3 stk. 2085 kr.<\/p>\n<\/div>\n<\/div>\n\n\n\n<div class=\"wp-block-columns is-layout-flex wp-container-core-columns-is-layout-28f84493 wp-block-columns-is-layout-flex\">\n<div class=\"wp-block-column is-layout-flow wp-block-column-is-layout-flow\">\n<figure class=\"wp-block-image size-full\"><img loading=\"lazy\" decoding=\"async\" width=\"383\" height=\"511\" src=\"https:\/\/xn--mjlnerwood-1cb.dk\/wp-content\/uploads\/2025\/02\/cavalettis-gul-og-sort-1-edited.jpg\" alt=\"\" class=\"wp-image-89\" srcset=\"https:\/\/xn--mjlnerwood-1cb.dk\/wp-content\/uploads\/2025\/02\/cavalettis-gul-og-sort-1-edited.jpg 383w, https:\/\/xn--mjlnerwood-1cb.dk\/wp-content\/uploads\/2025\/02\/cavalettis-gul-og-sort-1-edited-225x300.jpg 225w\" sizes=\"auto, (max-width: 383px) 100vw, 383px\" \/><\/figure>\n<\/div>\n\n\n\n<div class=\"wp-block-column is-layout-flow wp-block-column-is-layout-flow\">\n<p class=\"has-x-large-font-size\">L\u00f8s cavalettis kryds<\/p>\n\n\n\n<p>L\u00f8se cavalettis kryds u malet <\/p>\n\n\n\n<p class=\"has-large-font-size\">Pris pr stk.<\/p>\n\n\n\n<p class=\"has-medium-font-size\">L\u00f8s cavalettis kryds malet i valgfri farve<\/p>\n\n\n\n<p class=\"has-large-font-size\">Pris pr stk. <\/p>\n<\/div>\n<\/div>\n","protected":false},"excerpt":{"rendered":"<p>Cavalettis Best\u00e5ende af 2 kryds sat 1 bomBom \u00d810 3 meter langKan stables Pris U-malet 555 kr.3 stk. 1500 kr. Pris malet i valgfri farver750.3 stk. 2085 kr. L\u00f8s cavalettis kryds L\u00f8se cavalettis kryds u malet Pris pr stk. L\u00f8s cavalettis kryds malet i valgfri farve Pris pr stk.<\/p>\n","protected":false},"author":1,"featured_media":0,"parent":0,"menu_order":0,"comment_status":"closed","ping_status":"closed","template":"","meta":{"footnotes":""},"class_list":["post-81","page","type-page","status-publish","hentry"],"_links":{"self":[{"href":"https:\/\/xn--mjlnerwood-1cb.dk\/index.php\/wp-json\/wp\/v2\/pages\/81","targetHints":{"allow":["GET"]}}],"collection":[{"href":"https:\/\/xn--mjlnerwood-1cb.dk\/index.php\/wp-json\/wp\/v2\/pages"}],"about":[{"href":"https:\/\/xn--mjlnerwood-1cb.dk\/index.php\/wp-json\/wp\/v2\/types\/page"}],"author":[{"embeddable":true,"href":"https:\/\/xn--mjlnerwood-1cb.dk\/index.php\/wp-json\/wp\/v2\/users\/1"}],"replies":[{"embeddable":true,"href":"https:\/\/xn--mjlnerwood-1cb.dk\/index.php\/wp-json\/wp\/v2\/comments?post=81"}],"version-history":[{"count":6,"href":"https:\/\/xn--mjlnerwood-1cb.dk\/index.php\/wp-json\/wp\/v2\/pages\/81\/revisions"}],"predecessor-version":[{"id":96,"href":"https:\/\/xn--mjlnerwood-1cb.dk\/index.php\/wp-json\/wp\/v2\/pages\/81\/revisions\/96"}],"wp:attachment":[{"href":"https:\/\/xn--mjlnerwood-1cb.dk\/index.php\/wp-json\/wp\/v2\/media?parent=81"}],"curies":[{"name":"wp","href":"https:\/\/api.w.org\/{rel}","templated":true}]}}