{"id":6,"date":"2024-02-14T12:27:11","date_gmt":"2024-02-14T12:27:11","guid":{"rendered":"https:\/\/xn--mjlnerwood-1cb.dk\/?page_id=6"},"modified":"2025-06-12T07:05:59","modified_gmt":"2025-06-12T07:05:59","slug":"velkommen-til-mjoelner-wood","status":"publish","type":"page","link":"https:\/\/xn--mjlnerwood-1cb.dk\/","title":{"rendered":"Velkommen til Mj\u00f8lner Wood"},"content":{"rendered":"\n<p class=\"has-x-large-font-size\"><strong>Salg af spring, sadelrumsudstyr, Agility udstyr samt cavalettis.<\/strong><\/p>\n\n\n\n<p class=\"has-xx-large-font-size\"><\/p>\n\n\n\n<p>Kontakt info for bestilling eller sp\u00f8rgsm\u00e5l  : <\/p>\n\n\n\n<p>mjolnerwood@outlook.dk eller sms 20 96 24 68<\/p>\n\n\n\n<div class=\"wp-block-columns is-layout-flex wp-container-core-columns-is-layout-28f84493 wp-block-columns-is-layout-flex\">\n<div class=\"wp-block-column is-layout-flow wp-block-column-is-layout-flow\">\n<p class=\"has-x-large-font-size\"><a href=\"https:\/\/xn--mjlnerwood-1cb.dk\/index.php\/mini-spring\/\" data-type=\"page\" data-id=\"18\">Mini Spring<\/a><\/p>\n<\/div>\n\n\n\n<div class=\"wp-block-column is-layout-flow wp-block-column-is-layout-flow\">\n<p class=\"has-text-align-right has-x-large-font-size\">  <a href=\"https:\/\/xn--mjlnerwood-1cb.dk\/index.php\/sadelrumsudstyr\/\" data-type=\"page\" data-id=\"41\"> Sadelrum udstyr<\/a><\/p>\n<\/div>\n<\/div>\n\n\n\n<div class=\"wp-block-columns alignwide is-layout-flex wp-container-core-columns-is-layout-28f84493 wp-block-columns-is-layout-flex\">\n<div class=\"wp-block-column is-layout-flow wp-block-column-is-layout-flow\">\n<div style=\"height:0px\" aria-hidden=\"true\" class=\"wp-block-spacer\"><\/div>\n<\/div>\n<\/div>\n\n\n\n<div class=\"wp-block-columns alignwide is-layout-flex wp-container-core-columns-is-layout-28f84493 wp-block-columns-is-layout-flex\">\n<div class=\"wp-block-column is-layout-flow wp-block-column-is-layout-flow\">\n<figure class=\"wp-block-image\"><a href=\"https:\/\/xn--mjlnerwood-1cb.dk\/index.php\/mini-spring\/\"><img loading=\"lazy\" decoding=\"async\" width=\"960\" height=\"720\" src=\"https:\/\/xn--mjlnerwood-1cb.dk\/wp-content\/uploads\/2024\/02\/mini-regnbue-1.jpg\" alt=\"\" class=\"wp-image-14\" srcset=\"https:\/\/xn--mjlnerwood-1cb.dk\/wp-content\/uploads\/2024\/02\/mini-regnbue-1.jpg 960w, https:\/\/xn--mjlnerwood-1cb.dk\/wp-content\/uploads\/2024\/02\/mini-regnbue-1-300x225.jpg 300w, https:\/\/xn--mjlnerwood-1cb.dk\/wp-content\/uploads\/2024\/02\/mini-regnbue-1-768x576.jpg 768w\" sizes=\"auto, (max-width: 960px) 100vw, 960px\" \/><\/a><\/figure>\n<\/div>\n\n\n\n<div class=\"wp-block-column is-layout-flow wp-block-column-is-layout-flow\">\n<figure class=\"wp-block-gallery has-nested-images columns-default is-cropped wp-block-gallery-1 is-layout-flex wp-block-gallery-is-layout-flex\">\n<figure class=\"wp-block-image size-large is-style-default\"><a href=\"https:\/\/xn--mjlnerwood-1cb.dk\/index.php\/sadelrumsudstyr\/\"><img loading=\"lazy\" decoding=\"async\" width=\"720\" height=\"720\" data-id=\"70\" src=\"https:\/\/xn--mjlnerwood-1cb.dk\/wp-content\/uploads\/2025\/02\/sadelrum3-edited.jpg\" alt=\"\" class=\"wp-image-70\" srcset=\"https:\/\/xn--mjlnerwood-1cb.dk\/wp-content\/uploads\/2025\/02\/sadelrum3-edited.jpg 720w, https:\/\/xn--mjlnerwood-1cb.dk\/wp-content\/uploads\/2025\/02\/sadelrum3-edited-300x300.jpg 300w, https:\/\/xn--mjlnerwood-1cb.dk\/wp-content\/uploads\/2025\/02\/sadelrum3-edited-150x150.jpg 150w\" sizes=\"auto, (max-width: 720px) 100vw, 720px\" \/><\/a><\/figure>\n<\/figure>\n<\/div>\n<\/div>\n\n\n\n<div class=\"wp-block-columns is-layout-flex wp-container-core-columns-is-layout-28f84493 wp-block-columns-is-layout-flex\">\n<div class=\"wp-block-column is-layout-flow wp-block-column-is-layout-flow\">\n<p class=\"has-x-large-font-size\"><a href=\"https:\/\/xn--mjlnerwood-1cb.dk\/index.php\/cavalettis\/\" data-type=\"page\" data-id=\"81\">Cavalettis<\/a><\/p>\n<\/div>\n\n\n\n<div class=\"wp-block-column is-layout-flow wp-block-column-is-layout-flow\">\n<p class=\"has-text-align-right has-x-large-font-size\">Spring st\u00f8tter<\/p>\n<\/div>\n<\/div>\n\n\n\n<div class=\"wp-block-columns alignwide is-layout-flex wp-container-core-columns-is-layout-28f84493 wp-block-columns-is-layout-flex\">\n<div class=\"wp-block-column is-layout-flow wp-block-column-is-layout-flow\">\n<figure class=\"wp-block-image size-full\"><a href=\"https:\/\/xn--mjlnerwood-1cb.dk\/index.php\/cavalettis\/\"><img loading=\"lazy\" decoding=\"async\" width=\"473\" height=\"414\" src=\"https:\/\/xn--mjlnerwood-1cb.dk\/wp-content\/uploads\/2025\/02\/cavalettis-1-2.jpg\" alt=\"\" class=\"wp-image-75\" srcset=\"https:\/\/xn--mjlnerwood-1cb.dk\/wp-content\/uploads\/2025\/02\/cavalettis-1-2.jpg 473w, https:\/\/xn--mjlnerwood-1cb.dk\/wp-content\/uploads\/2025\/02\/cavalettis-1-2-300x263.jpg 300w\" sizes=\"auto, (max-width: 473px) 100vw, 473px\" \/><\/a><\/figure>\n<\/div>\n\n\n\n<div class=\"wp-block-column is-layout-flow wp-block-column-is-layout-flow\">\n<figure class=\"wp-block-gallery has-nested-images columns-default is-cropped wp-block-gallery-2 is-layout-flex wp-block-gallery-is-layout-flex\">\n<figure class=\"wp-block-image size-full is-style-default\"><img loading=\"lazy\" decoding=\"async\" width=\"960\" height=\"612\" data-id=\"76\" src=\"https:\/\/xn--mjlnerwood-1cb.dk\/wp-content\/uploads\/2025\/02\/alm-spring1.jpg\" alt=\"\" class=\"wp-image-76\" srcset=\"https:\/\/xn--mjlnerwood-1cb.dk\/wp-content\/uploads\/2025\/02\/alm-spring1.jpg 960w, https:\/\/xn--mjlnerwood-1cb.dk\/wp-content\/uploads\/2025\/02\/alm-spring1-300x191.jpg 300w, https:\/\/xn--mjlnerwood-1cb.dk\/wp-content\/uploads\/2025\/02\/alm-spring1-768x490.jpg 768w\" sizes=\"auto, (max-width: 960px) 100vw, 960px\" \/><\/figure>\n<\/figure>\n<\/div>\n<\/div>\n\n\n\n<p class=\"has-x-large-font-size\"><a href=\"https:\/\/xn--mjlnerwood-1cb.dk\/index.php\/agility-udstyr\/\" data-type=\"page\" data-id=\"97\">Agility udstyr <\/a><\/p>\n\n\n\n<figure class=\"wp-block-image size-large\"><img loading=\"lazy\" decoding=\"async\" width=\"1024\" height=\"576\" src=\"https:\/\/xn--mjlnerwood-1cb.dk\/wp-content\/uploads\/2025\/06\/IMG_0899-1024x576.jpg\" alt=\"\" class=\"wp-image-107\" srcset=\"https:\/\/xn--mjlnerwood-1cb.dk\/wp-content\/uploads\/2025\/06\/IMG_0899-1024x576.jpg 1024w, https:\/\/xn--mjlnerwood-1cb.dk\/wp-content\/uploads\/2025\/06\/IMG_0899-300x169.jpg 300w, https:\/\/xn--mjlnerwood-1cb.dk\/wp-content\/uploads\/2025\/06\/IMG_0899-768x432.jpg 768w, https:\/\/xn--mjlnerwood-1cb.dk\/wp-content\/uploads\/2025\/06\/IMG_0899.jpg 1280w\" sizes=\"auto, (max-width: 1024px) 100vw, 1024px\" \/><\/figure>\n","protected":false},"excerpt":{"rendered":"<p>Salg af spring, sadelrumsudstyr, Agility udstyr samt cavalettis. Kontakt info for bestilling eller sp\u00f8rgsm\u00e5l : mjolnerwood@outlook.dk eller sms 20 96 24 68 Mini Spring Sadelrum udstyr Cavalettis Spring st\u00f8tter Agility udstyr<\/p>\n","protected":false},"author":1,"featured_media":0,"parent":0,"menu_order":0,"comment_status":"closed","ping_status":"closed","template":"","meta":{"footnotes":""},"class_list":["post-6","page","type-page","status-publish","hentry"],"_links":{"self":[{"href":"https:\/\/xn--mjlnerwood-1cb.dk\/index.php\/wp-json\/wp\/v2\/pages\/6","targetHints":{"allow":["GET"]}}],"collection":[{"href":"https:\/\/xn--mjlnerwood-1cb.dk\/index.php\/wp-json\/wp\/v2\/pages"}],"about":[{"href":"https:\/\/xn--mjlnerwood-1cb.dk\/index.php\/wp-json\/wp\/v2\/types\/page"}],"author":[{"embeddable":true,"href":"https:\/\/xn--mjlnerwood-1cb.dk\/index.php\/wp-json\/wp\/v2\/users\/1"}],"replies":[{"embeddable":true,"href":"https:\/\/xn--mjlnerwood-1cb.dk\/index.php\/wp-json\/wp\/v2\/comments?post=6"}],"version-history":[{"count":16,"href":"https:\/\/xn--mjlnerwood-1cb.dk\/index.php\/wp-json\/wp\/v2\/pages\/6\/revisions"}],"predecessor-version":[{"id":108,"href":"https:\/\/xn--mjlnerwood-1cb.dk\/index.php\/wp-json\/wp\/v2\/pages\/6\/revisions\/108"}],"wp:attachment":[{"href":"https:\/\/xn--mjlnerwood-1cb.dk\/index.php\/wp-json\/wp\/v2\/media?parent=6"}],"curies":[{"name":"wp","href":"https:\/\/api.w.org\/{rel}","templated":true}]}}