{"id":36,"date":"2024-02-20T10:19:02","date_gmt":"2024-02-20T10:19:02","guid":{"rendered":"https:\/\/xn--mjlnerwood-1cb.dk\/?page_id=36"},"modified":"2025-02-04T17:46:35","modified_gmt":"2025-02-04T17:46:35","slug":"afhentning","status":"publish","type":"page","link":"https:\/\/xn--mjlnerwood-1cb.dk\/index.php\/afhentning\/","title":{"rendered":"Afhentning"},"content":{"rendered":"\n<p class=\"has-large-font-size\">Bestilte vare skal afhentes hos os.<br>Afhentning kan ske efter aftale. <\/p>\n\n\n\n<p class=\"has-large-font-size\">Mj\u00f8lner Wood <br>S\u00f8nderk\u00e6rvej 5<br>9550 Mariager <\/p>\n\n\n\n<p class=\"has-large-font-size\">Mjolnerwood@outlook.dk<\/p>\n\n\n\n<p>Hvad kan sendes :<\/p>\n\n\n\n<p>Sadelrumsudstyr, mini cavalettis og andre sm\u00e5ting kan sendes med gls.<br>alt hvad der indeholder 3 meters bomme skal afhentes.<br>Spring st\u00f8tter kan sendes u-samlet. <\/p>\n","protected":false},"excerpt":{"rendered":"<p>Bestilte vare skal afhentes hos os.Afhentning kan ske efter aftale. Mj\u00f8lner Wood S\u00f8nderk\u00e6rvej 59550 Mariager Mjolnerwood@outlook.dk Hvad kan sendes : Sadelrumsudstyr, mini cavalettis og andre sm\u00e5ting kan sendes med gls.alt hvad der indeholder 3 meters bomme skal afhentes.Spring st\u00f8tter kan sendes u-samlet.<\/p>\n","protected":false},"author":1,"featured_media":0,"parent":0,"menu_order":0,"comment_status":"closed","ping_status":"closed","template":"","meta":{"footnotes":""},"class_list":["post-36","page","type-page","status-publish","hentry"],"_links":{"self":[{"href":"https:\/\/xn--mjlnerwood-1cb.dk\/index.php\/wp-json\/wp\/v2\/pages\/36","targetHints":{"allow":["GET"]}}],"collection":[{"href":"https:\/\/xn--mjlnerwood-1cb.dk\/index.php\/wp-json\/wp\/v2\/pages"}],"about":[{"href":"https:\/\/xn--mjlnerwood-1cb.dk\/index.php\/wp-json\/wp\/v2\/types\/page"}],"author":[{"embeddable":true,"href":"https:\/\/xn--mjlnerwood-1cb.dk\/index.php\/wp-json\/wp\/v2\/users\/1"}],"replies":[{"embeddable":true,"href":"https:\/\/xn--mjlnerwood-1cb.dk\/index.php\/wp-json\/wp\/v2\/comments?post=36"}],"version-history":[{"count":4,"href":"https:\/\/xn--mjlnerwood-1cb.dk\/index.php\/wp-json\/wp\/v2\/pages\/36\/revisions"}],"predecessor-version":[{"id":80,"href":"https:\/\/xn--mjlnerwood-1cb.dk\/index.php\/wp-json\/wp\/v2\/pages\/36\/revisions\/80"}],"wp:attachment":[{"href":"https:\/\/xn--mjlnerwood-1cb.dk\/index.php\/wp-json\/wp\/v2\/media?parent=36"}],"curies":[{"name":"wp","href":"https:\/\/api.w.org\/{rel}","templated":true}]}}